{"id":2,"date":"2022-07-05T01:13:18","date_gmt":"2022-07-05T01:13:18","guid":{"rendered":"http:\/\/bmbsma.com\/?page_id=2"},"modified":"2026-02-28T11:32:28","modified_gmt":"2026-02-28T17:32:28","slug":"aboutus","status":"publish","type":"page","link":"https:\/\/bmbsma.com\/es\/aboutus\/","title":{"rendered":"About Us"},"content":{"rendered":"<div class=\"post-content\">\t\t<div data-elementor-type=\"wp-page\" data-elementor-id=\"2\" class=\"elementor elementor-2\">\n\t\t\t\t<div class=\"elementor-element elementor-element-48af079 e-flex e-con-boxed e-con e-parent\" data-id=\"48af079\" data-element_type=\"container\" data-e-type=\"container\">\n\t\t\t\t\t<div class=\"e-con-inner\">\n\t\t\t\t<div class=\"elementor-element elementor-element-6a66de1 elementor-widget__width-initial elementor-widget elementor-widget-text-editor\" data-id=\"6a66de1\" data-element_type=\"widget\" data-e-type=\"widget\" data-widget_type=\"text-editor.default\">\n\t\t\t\t<div class=\"elementor-widget-container\">\n\t\t\t\t\t\t\t\t\t<h4>Bienvenido a Consultoria BMB<\/h4><p>At BMB Consulting, we&#8217;re more than just real estate professionals\u2014we&#8217;re your trusted partners in achieving your real estate goals. With over 23 years of experience in the industry, we&#8217;ve honed our expertise to offer a range of services that cater to your every need, whether you&#8217;re looking to buy, sell, invest, or simply seek expert advice.<\/p><h5>Servicios de corretaje inmobiliario<\/h5><p>Como corredores de bienes ra\u00edces experimentados, entendemos que comprar o vender una propiedad es una de las decisiones importantes de la vida. Nuestra misi\u00f3n es hacer que este viaje sea lo m\u00e1s fluido posible para usted. Nuestros servicios de corretaje incluyen:<\/p><ul><li><strong>Representaci\u00f3n del comprador:<\/strong> Nos dedicamos a encontrar la propiedad perfecta que coincida con sus criterios, negociar en su nombre y garantizar un proceso de cierre sin problemas.<\/li><li><strong>Representaci\u00f3n del vendedor:<\/strong> cuando est\u00e9 listo para vender, empleamos estrategias de marketing comprobadas para atraer a los compradores adecuados y maximizar el valor de su propiedad.<\/li><li><strong>Inversi\u00f3n inmobiliaria:<\/strong> ya sea que sea un inversionista por primera vez o un profesional experimentado, brindamos informaci\u00f3n y oportunidades valiosas para hacer crecer su cartera de bienes ra\u00edces.<\/li><\/ul><h4>Por qu\u00e9 elegir Consultor\u00eda BMB<\/h4><p>Estamos orgullosos de nuestro compromiso con el profesionalismo, la integridad y el excepcional servicio al cliente. Esto es lo que nos diferencia:<\/p><ul><li><strong>Experiencia:<\/strong>: With 23 years of San Miguel de Allende industry experience, we&#8217;ve successfully navigated diverse market conditions.<\/li><li><strong>Experiencia local:<\/strong> nuestro profundo conocimiento de San Miguel de Allende, Guanajuato, M\u00e9xico nos permite ofrecer informaci\u00f3n que otros podr\u00edan pasar por alto.<\/li><li><strong>Soluciones personalizadas:<\/strong>entendemos que las necesidades de cada cliente son \u00fanicas, por eso adaptamos nuestros servicios para cumplir con sus objetivos.<\/li><li><strong>Transparencia:<\/strong>Creemos en la comunicaci\u00f3n abierta, asegurando que est\u00e9 bien informado en cada paso del proceso.<\/li><li><strong>Resultados:<\/strong>Nuestra trayectoria habla por s\u00ed sola, con numerosos clientes satisfechos que han logrado sus sue\u00f1os inmobiliarios con nuestra ayuda.<\/li><\/ul><h4>\u00a0<\/h4><h4>Empecemos<\/h4><p>Ya sea que se est\u00e9 embarcando en un viaje inmobiliario o est\u00e9 buscando consultor\u00eda experta, BMB Consulting es su socio de confianza. Cont\u00e1ctenos hoy para explorar las posibilidades y descubrir c\u00f3mo podemos hacer realidad sus ambiciones inmobiliarias.<\/p>\t\t\t\t\t\t\t\t<\/div>\n\t\t\t\t<\/div>\n\t\t\t\t\t<\/div>\n\t\t\t\t<\/div>\n\t\t<div class=\"elementor-element elementor-element-a975d62 e-flex e-con-boxed e-con e-parent\" data-id=\"a975d62\" data-element_type=\"container\" data-e-type=\"container\">\n\t\t\t\t\t<div class=\"e-con-inner\">\n\t\t\t\t<div class=\"elementor-element elementor-element-c6dd171 elementor-widget elementor-widget-spacer\" data-id=\"c6dd171\" data-element_type=\"widget\" data-e-type=\"widget\" data-widget_type=\"spacer.default\">\n\t\t\t\t<div class=\"elementor-widget-container\">\n\t\t\t\t\t\t\t<div class=\"elementor-spacer\">\n\t\t\t<div class=\"elementor-spacer-inner\"><\/div>\n\t\t<\/div>\n\t\t\t\t\t\t<\/div>\n\t\t\t\t<\/div>\n\t\t\t\t\t<\/div>\n\t\t\t\t<\/div>\n\t\t\t\t<\/div>\n\t\t<\/div>","protected":false},"excerpt":{"rendered":"<p>Welcome to BMB Consulting At BMB Consulting, we&#8217;re more than just real estate professionals\u2014we&#8217;re your<a href=\"https:\/\/bmbsma.com\/es\/aboutus\/\" class=\"bizsmart-read-more\">Continue Reading<i class=\"fa fa-long-arrow-right\" aria-hidden=\"true\"><\/i><\/a><\/p>","protected":false},"author":1,"featured_media":0,"parent":0,"menu_order":0,"comment_status":"closed","ping_status":"closed","template":"","meta":{"ngg_post_thumbnail":0,"footnotes":""},"class_list":["post-2","page","type-page","status-publish","hentry"],"_links":{"self":[{"href":"https:\/\/bmbsma.com\/es\/wp-json\/wp\/v2\/pages\/2","targetHints":{"allow":["GET"]}}],"collection":[{"href":"https:\/\/bmbsma.com\/es\/wp-json\/wp\/v2\/pages"}],"about":[{"href":"https:\/\/bmbsma.com\/es\/wp-json\/wp\/v2\/types\/page"}],"author":[{"embeddable":true,"href":"https:\/\/bmbsma.com\/es\/wp-json\/wp\/v2\/users\/1"}],"replies":[{"embeddable":true,"href":"https:\/\/bmbsma.com\/es\/wp-json\/wp\/v2\/comments?post=2"}],"version-history":[{"count":296,"href":"https:\/\/bmbsma.com\/es\/wp-json\/wp\/v2\/pages\/2\/revisions"}],"predecessor-version":[{"id":1340,"href":"https:\/\/bmbsma.com\/es\/wp-json\/wp\/v2\/pages\/2\/revisions\/1340"}],"wp:attachment":[{"href":"https:\/\/bmbsma.com\/es\/wp-json\/wp\/v2\/media?parent=2"}],"curies":[{"name":"wp","href":"https:\/\/api.w.org\/{rel}","templated":true}]}}