{"id":339,"date":"2023-04-22T12:05:54","date_gmt":"2023-04-22T18:05:54","guid":{"rendered":"https:\/\/bmbsma.com\/?page_id=339"},"modified":"2023-12-21T14:41:03","modified_gmt":"2023-12-21T20:41:03","slug":"ampi","status":"publish","type":"page","link":"https:\/\/bmbsma.com\/es\/ampi\/","title":{"rendered":"AMPI"},"content":{"rendered":"<div class=\"post-content\">\t\t<div data-elementor-type=\"wp-page\" data-elementor-id=\"339\" class=\"elementor elementor-339\">\n\t\t\t\t<div class=\"elementor-element elementor-element-436620a1 e-flex e-con-boxed e-con e-parent\" data-id=\"436620a1\" data-element_type=\"container\" data-e-type=\"container\">\n\t\t\t\t\t<div class=\"e-con-inner\">\n\t\t\t\t<div class=\"elementor-element elementor-element-c3cb461 elementor-widget elementor-widget-image\" data-id=\"c3cb461\" data-element_type=\"widget\" data-e-type=\"widget\" data-widget_type=\"image.default\">\n\t\t\t\t<div class=\"elementor-widget-container\">\n\t\t\t\t\t\t\t\t\t\t\t\t\t\t\t<img fetchpriority=\"high\" decoding=\"async\" width=\"640\" height=\"360\" src=\"https:\/\/bmbsma.com\/wp-content\/uploads\/2023\/12\/Logo-ampi-2-1024x576.png\" class=\"attachment-large size-large wp-image-673\" alt=\"\" srcset=\"https:\/\/bmbsma.com\/wp-content\/uploads\/2023\/12\/Logo-ampi-2-1024x576.png 1024w, https:\/\/bmbsma.com\/wp-content\/uploads\/2023\/12\/Logo-ampi-2-300x169.png 300w, https:\/\/bmbsma.com\/wp-content\/uploads\/2023\/12\/Logo-ampi-2-768x432.png 768w, https:\/\/bmbsma.com\/wp-content\/uploads\/2023\/12\/Logo-ampi-2-1536x864.png 1536w, https:\/\/bmbsma.com\/wp-content\/uploads\/2023\/12\/Logo-ampi-2-18x10.png 18w, https:\/\/bmbsma.com\/wp-content\/uploads\/2023\/12\/Logo-ampi-2.png 1920w\" sizes=\"(max-width: 640px) 100vw, 640px\" \/>\t\t\t\t\t\t\t\t\t\t\t\t\t\t\t<\/div>\n\t\t\t\t<\/div>\n\t\t\t\t<div class=\"elementor-element elementor-element-68e1788e elementor-widget elementor-widget-text-editor\" data-id=\"68e1788e\" data-element_type=\"widget\" data-e-type=\"widget\" data-widget_type=\"text-editor.default\">\n\t\t\t\t<div class=\"elementor-widget-container\">\n\t\t\t\t\t\t\t\t\t\n<p>La Asociaci\u00f3n Mexicana de Profesionales Inmobiliarios (AMPI) es la principal asociaci\u00f3n profesional de agentes de bienes ra\u00edces en M\u00e9xico, con sucursales en ciudades de todo el pa\u00eds. Como organizaci\u00f3n, AMPI se dedica a garantizar la protecci\u00f3n de los clientes inmobiliarios y promover la profesionalizaci\u00f3n de la industria y sus practicantes.<\/p>\n\n\n\n<p>AMPI San Miguel es una de las ramas m\u00e1s grandes y activas de la asociaci\u00f3n, con 236 miembros y 46 firmas inmobiliarias, incluida BMB. Toda firma de bienes ra\u00edces perteneciente a AMPI-SMA cuenta con la \u201cLicencia de Bienes Ra\u00edces\u201d necesaria requerida por el Estado de Guanajuato para operar en el rubro.<\/p>\n\n\n\n<p>La s\u00f3lida red de la asociaci\u00f3n permite a los miembros comunicarse entre s\u00ed de manera r\u00e1pida y eficiente y compartir sus listados en tiempo real a trav\u00e9s del Sistema de Listado M\u00faltiple. Al publicar una propiedad con un miembro de AMPI, los clientes se benefician de la fuerza colectiva de 236 miembros que trabajan juntos para vender su propiedad.<\/p>\n\n\n\n<p>AMPI \u2013 SMA est\u00e1 continuamente actualizando sus regulaciones y red para cumplir con los requisitos y regulaciones gubernamentales. Esto garantiza que los clientes reciban asesoramiento y orientaci\u00f3n de expertos a lo largo de sus transacciones inmobiliarias y est\u00e9n totalmente protegidos durante todo el proceso.<\/p>\n\n\n\n<p>Elegir trabajar con una firma afiliada a AMPI es garant\u00eda de experiencia, profesionalismo y protecci\u00f3n para los clientes que buscan comprar o vender una propiedad en M\u00e9xico.<\/p>\n\t\t\t\t\t\t\t\t<\/div>\n\t\t\t\t<\/div>\n\t\t\t\t\t<\/div>\n\t\t\t\t<\/div>\n\t\t<div class=\"elementor-element elementor-element-fae778a e-flex e-con-boxed e-con e-parent\" data-id=\"fae778a\" data-element_type=\"container\" data-e-type=\"container\">\n\t\t\t\t\t<div class=\"e-con-inner\">\n\t\t\t\t<div class=\"elementor-element elementor-element-2660c92 elementor-widget elementor-widget-heading\" data-id=\"2660c92\" data-element_type=\"widget\" data-e-type=\"widget\" data-widget_type=\"heading.default\">\n\t\t\t\t<div class=\"elementor-widget-container\">\n\t\t\t\t\t<h2 class=\"elementor-heading-title elementor-size-default\">Comit\u00e9 de Estad\u00edsticas de AMPI San Miguel de Allende<\/h2>\t\t\t\t<\/div>\n\t\t\t\t<\/div>\n\t\t\t\t<div class=\"elementor-element elementor-element-a0e5a76 elementor-widget elementor-widget-text-editor\" data-id=\"a0e5a76\" data-element_type=\"widget\" data-e-type=\"widget\" data-widget_type=\"text-editor.default\">\n\t\t\t\t<div class=\"elementor-widget-container\">\n\t\t\t\t\t\t\t\t\t<p>Como Director del Comit\u00e9 de Estad\u00edsticas de la Asociaci\u00f3n de Profesionales Inmobiliarios Mexicanos (AMPI) en San Miguel de Allende, he tenido el distintivo honor de servir a nuestra vibrante comunidad de agentes, agencias y profesionales de bienes ra\u00edces desde 2018. Este rol es un testimonio de mi compromiso inquebrantable de brindar informaci\u00f3n estad\u00edstica precisa, oportuna e invaluable que brinde a nuestros miembros el conocimiento que necesitan para prosperar en el din\u00e1mico panorama inmobiliario de San Miguel de Allende.<\/p>\n<h6><strong>Nuestra misi\u00f3n:<\/strong><\/h6>\n<p>En AMPI San Miguel de Allende reconocemos que la toma de decisiones basada en datos es la piedra angular del \u00e9xito en la industria inmobiliaria. Nuestra misi\u00f3n es clara: brindar a nuestros miembros un an\u00e1lisis estad\u00edstico completo y actualizado del mercado inmobiliario local. Al hacerlo, nuestro objetivo es fomentar la toma de decisiones informadas, facilitar transacciones transparentes y, en \u00faltima instancia, elevar los est\u00e1ndares de profesionalismo dentro de nuestra comunidad.<\/p>\n<h6><strong>El poder de los datos:<\/strong><\/h6>\n<p>En una era en la que la informaci\u00f3n reina, nuestro papel como Director del Comit\u00e9 de Estad\u00edstica es fundamental. Somos los administradores de los datos, recopilamos, analizamos y difundimos meticulosamente conocimientos que arrojan luz sobre el panorama inmobiliario en constante evoluci\u00f3n en San Miguel de Allende. Nuestro trabajo se extiende m\u00e1s all\u00e1 de los n\u00fameros; se trata de equipar a nuestros miembros con las herramientas para navegar las fluctuaciones del mercado, aprovechar oportunidades y tomar decisiones informadas.<\/p>\n<h6><strong>Qu\u00e9 hacemos:<\/strong><\/h6>\n<p>Nuestras responsabilidades abarcan una amplia gama de funciones cr\u00edticas:<\/p>\n<ul>\n<li><strong>Recopilaci\u00f3n de datos<\/strong>: obtenemos datos de una multitud de canales confiables, lo que garantiza que nuestras estad\u00edsticas sean completas y precisas. Estos datos incluyen todo, desde valores de propiedades y tendencias de transacciones hasta datos demogr\u00e1ficos del mercado y oportunidades emergentes.<\/li>\n<li><strong>An\u00e1lisis e informes<\/strong>: armados con datos sin procesar, empleamos herramientas y metodolog\u00edas anal\u00edticas de vanguardia para sintetizar informaci\u00f3n compleja en conocimientos claros y procesables. Nuestros informes cubren diversos aspectos del mercado inmobiliario, desde propiedades residenciales y comerciales hasta oportunidades de inversi\u00f3n y alquiler.<\/li>\n<li><strong>Insights personalizados<\/strong>: entendemos que cada miembro de AMPI San Miguel de Allende puede tener necesidades \u00fanicas. Es por eso que brindamos informaci\u00f3n personalizada, adaptada a nichos o \u00e1reas de inter\u00e9s espec\u00edficos, brindando a nuestros miembros la informaci\u00f3n que impacta directamente en su negocio.<\/li>\n<li><strong>Iniciativas educativas<\/strong>m\u00e1s all\u00e1 de los datos sin procesar, ofrecemos sesiones y talleres educativos para garantizar que nuestros miembros tengan las habilidades para aprovechar los datos de manera efectiva. Creemos que el conocimiento es poder y estamos dedicados a empoderar a nuestra comunidad.<\/li>\n<\/ul>\n<h6>Nuestro Compromiso con la Excelencia:<\/h6>\n<p>Adem\u00e1s de mi rol como Director, es un honor para m\u00ed haber sido elegido Vicepresidente de AMPI San Miguel de Allende en 2024, con el privilegio de asumir el rol de Presidente en 2025. Este viaje significa mi compromiso continuo con el crecimiento de nuestra comunidad. y prosperidad.<\/p>\n<h6>\u00danase a nosotros para dar forma al futuro:<\/h6>\n<p>A medida que avanzamos, los invitamos a involucrarse con nuestro Comit\u00e9 de Estad\u00edsticas y con AMPI San Miguel de Allende en su conjunto. Ya sea que sea un profesional experimentado en bienes ra\u00edces o reci\u00e9n est\u00e9 comenzando su viaje, creemos que la colaboraci\u00f3n y el compromiso compartido con la excelencia son clave para nuestro \u00e9xito colectivo.<\/p>\n<p>Juntos, estamos dando forma al futuro de los bienes ra\u00edces en San Miguel de Allende, una decisi\u00f3n estad\u00edsticamente s\u00f3lida a la vez.<\/p>\t\t\t\t\t\t\t\t<\/div>\n\t\t\t\t<\/div>\n\t\t\t\t\t<\/div>\n\t\t\t\t<\/div>\n\t\t\t\t<\/div>\n\t\t<\/div>","protected":false},"excerpt":{"rendered":"<p>The Asociaci\u00f3n Mexicana de Profesionales Inmobiliarios (AMPI) is the leading professional association for real estate<a href=\"https:\/\/bmbsma.com\/es\/ampi\/\" class=\"bizsmart-read-more\">Continue Reading<i class=\"fa fa-long-arrow-right\" aria-hidden=\"true\"><\/i><\/a><\/p>","protected":false},"author":1,"featured_media":0,"parent":0,"menu_order":0,"comment_status":"closed","ping_status":"closed","template":"","meta":{"ngg_post_thumbnail":0,"footnotes":""},"class_list":["post-339","page","type-page","status-publish","hentry"],"_links":{"self":[{"href":"https:\/\/bmbsma.com\/es\/wp-json\/wp\/v2\/pages\/339","targetHints":{"allow":["GET"]}}],"collection":[{"href":"https:\/\/bmbsma.com\/es\/wp-json\/wp\/v2\/pages"}],"about":[{"href":"https:\/\/bmbsma.com\/es\/wp-json\/wp\/v2\/types\/page"}],"author":[{"embeddable":true,"href":"https:\/\/bmbsma.com\/es\/wp-json\/wp\/v2\/users\/1"}],"replies":[{"embeddable":true,"href":"https:\/\/bmbsma.com\/es\/wp-json\/wp\/v2\/comments?post=339"}],"version-history":[{"count":9,"href":"https:\/\/bmbsma.com\/es\/wp-json\/wp\/v2\/pages\/339\/revisions"}],"predecessor-version":[{"id":683,"href":"https:\/\/bmbsma.com\/es\/wp-json\/wp\/v2\/pages\/339\/revisions\/683"}],"wp:attachment":[{"href":"https:\/\/bmbsma.com\/es\/wp-json\/wp\/v2\/media?parent=339"}],"curies":[{"name":"wp","href":"https:\/\/api.w.org\/{rel}","templated":true}]}}