{"id":478,"date":"2023-06-14T12:24:50","date_gmt":"2023-06-14T18:24:50","guid":{"rendered":"https:\/\/bmbsma.com\/?page_id=478"},"modified":"2023-06-14T14:17:33","modified_gmt":"2023-06-14T20:17:33","slug":"landing","status":"publish","type":"page","link":"https:\/\/bmbsma.com\/es\/landing\/","title":{"rendered":"Sellers Information"},"content":{"rendered":"<div class=\"post-content\">\t\t<div data-elementor-type=\"wp-page\" data-elementor-id=\"478\" class=\"elementor elementor-478\">\n\t\t\t\t<div class=\"elementor-element elementor-element-089eb70 e-flex e-con-boxed e-con e-parent\" data-id=\"089eb70\" data-element_type=\"container\" data-e-type=\"container\">\n\t\t\t\t\t<div class=\"e-con-inner\">\n\t\t\t\t<div class=\"elementor-element elementor-element-c16cf6f elementor-widget elementor-widget-heading\" data-id=\"c16cf6f\" data-element_type=\"widget\" data-e-type=\"widget\" data-widget_type=\"heading.default\">\n\t\t\t\t<div class=\"elementor-widget-container\">\n\t\t\t\t\t<h2 class=\"elementor-heading-title elementor-size-default\"><h3>Optimiza tu Venta con BMB Bienes Ra\u00edces - \u00a1La Epitome de la Confianza y la Experiencia!<\/h3><\/h2>\t\t\t\t<\/div>\n\t\t\t\t<\/div>\n\t\t\t\t\t<\/div>\n\t\t\t\t<\/div>\n\t\t\t\t<section class=\"elementor-section elementor-top-section elementor-element elementor-element-1ce532db elementor-section-boxed elementor-section-height-default elementor-section-height-default\" data-id=\"1ce532db\" data-element_type=\"section\" data-e-type=\"section\">\n\t\t\t\t\t\t<div class=\"elementor-container elementor-column-gap-default\">\n\t\t\t\t\t<div class=\"elementor-column elementor-col-100 elementor-top-column elementor-element elementor-element-76389c26\" data-id=\"76389c26\" data-element_type=\"column\" data-e-type=\"column\">\n\t\t\t<div class=\"elementor-widget-wrap elementor-element-populated\">\n\t\t\t\t\t\t<div class=\"elementor-element elementor-element-3b974210 elementor-widget elementor-widget-text-editor\" data-id=\"3b974210\" data-element_type=\"widget\" data-e-type=\"widget\" data-widget_type=\"text-editor.default\">\n\t\t\t\t<div class=\"elementor-widget-container\">\n\t\t\t\t\t\t\t\t\t<p><\/p>\n<p><\/p>\n<h5>\"M\u00e1s de 20 A\u00f1os de Servicio Inigualable y An\u00e1lisis Profundo del Mercado\"<\/h5>\n<p><\/p>\n<p><\/p>\n<p><strong>Saludos,<\/strong><\/p>\n<p><\/p>\n<p>\u00bfListo para vender tu propiedad? \u00a1Toma esta decisi\u00f3n crucial con un profesional experimentado cuya reputaci\u00f3n habla por s\u00ed misma! Con una amplia carrera de m\u00e1s de dos d\u00e9cadas en el mercado inmobiliario, he guiado a cientos de clientes hacia ventas de propiedades exitosas y gratificantes.<\/p>\n<p><\/p>\n<p>Somos BMB Corredores de Bienes Ra\u00edces con acreditaci\u00f3n del estado y con una amplia experiencia en transacciones inmobiliarias, marketing, publicidad, fotograf\u00eda, leyes inmobiliarias, arquitectura, construcci\u00f3n, asesor\u00eda fiscal y an\u00e1lisis de datos. Nuestras habilidades amplias y s\u00f3lida experiencia me permiten ofrecer un enfoque \u00fanico y personalizado que garantiza resultados sobresalientes para tu propiedad.<\/p>\n<p><\/p>\n<p>Elegir BMB te brinda:<\/p>\n<p><\/p>\n<ul>\n<li>Servicios de venta completos de principio a fin.<\/li>\n<li>Estrategias de marketing y publicidad detalladas.<\/li>\n<li>Fotograf\u00eda profesional para crear presentaciones de propiedades cautivadoras.<\/li>\n<li>Profundo conocimiento de las leyes inmobiliarias, garantizando transacciones sin contratiempos.<\/li>\n<li>Conocimiento de arquitectura y construcci\u00f3n para resaltar las caracter\u00edsticas \u00fanicas de tu propiedad.<\/li>\n<li>Redacci\u00f3n experta para descripciones de propiedades convincentes.<\/li>\n<li>Asesor\u00eda fiscal para maximizar tus rendimientos financieros.<\/li>\n<li>Estudios de mercado exhaustivos, respaldados por mi competencia como Analista de Datos y Estad\u00edsticas.<\/li>\n<\/ul>\n<p><span style=\"font-style: inherit; font-weight: inherit; color: var( --e-global-color-text ); font-family: var( --e-global-typography-text-font-family ), Sans-serif; background-color: var(--ast-global-color-5); text-decoration-line: initial;\">La confianza es una parte integral del negocio inmobiliario, y es un valor que apreciamos en nuestra firma. Nos comprometemos a mantener una reputaci\u00f3n impecable por la honestidad y la confiabilidad, nunca abandonando a nuestros clientes como algunas otras agencias. Valoramos las relaciones a largo plazo m\u00e1s que las comisiones r\u00e1pidas, asegurando que la satisfacci\u00f3n y el crecimiento de nuestros clientes permanezcan como nuestras m\u00e1ximas prioridades.<\/span><\/p>\n<p><\/p>\n<p>\u00danete a los cientos de propietarios satisfechos que han experimentado ventas de propiedades exitosas y transparentes con BMB Bienes Ra\u00edces. Cont\u00e1ctanos hoy y emb\u00e1rcate en un viaje hacia una venta exitosa y confiable!<\/p>\n<p><\/p>\n<p><\/p>\n<p>\"Comun\u00edcate al +52 415 157 1000 o info@bmbsma.com hoy para una consulta sin compromiso. \u00a1Optimicemos tu venta con nuestra integridad y profundo conocimiento del mercado!\"<\/p>\n<p><\/p>\n<p><\/p>\t\t\t\t\t\t\t\t<\/div>\n\t\t\t\t<\/div>\n\t\t\t\t\t<\/div>\n\t\t<\/div>\n\t\t\t\t\t<\/div>\n\t\t<\/section>\n\t\t\t\t<\/div>\n\t\t<\/div>","protected":false},"excerpt":{"rendered":"<p>Optimize Your Sale with BMB Real Estate The Epitome of Trust and Expertise! &#8220;Over 20<a href=\"https:\/\/bmbsma.com\/es\/landing\/\" class=\"bizsmart-read-more\">Continue Reading<i class=\"fa fa-long-arrow-right\" aria-hidden=\"true\"><\/i><\/a><\/p>","protected":false},"author":1,"featured_media":0,"parent":0,"menu_order":0,"comment_status":"closed","ping_status":"closed","template":"","meta":{"ngg_post_thumbnail":0,"footnotes":""},"class_list":["post-478","page","type-page","status-publish","hentry"],"_links":{"self":[{"href":"https:\/\/bmbsma.com\/es\/wp-json\/wp\/v2\/pages\/478","targetHints":{"allow":["GET"]}}],"collection":[{"href":"https:\/\/bmbsma.com\/es\/wp-json\/wp\/v2\/pages"}],"about":[{"href":"https:\/\/bmbsma.com\/es\/wp-json\/wp\/v2\/types\/page"}],"author":[{"embeddable":true,"href":"https:\/\/bmbsma.com\/es\/wp-json\/wp\/v2\/users\/1"}],"replies":[{"embeddable":true,"href":"https:\/\/bmbsma.com\/es\/wp-json\/wp\/v2\/comments?post=478"}],"version-history":[{"count":20,"href":"https:\/\/bmbsma.com\/es\/wp-json\/wp\/v2\/pages\/478\/revisions"}],"predecessor-version":[{"id":517,"href":"https:\/\/bmbsma.com\/es\/wp-json\/wp\/v2\/pages\/478\/revisions\/517"}],"wp:attachment":[{"href":"https:\/\/bmbsma.com\/es\/wp-json\/wp\/v2\/media?parent=478"}],"curies":[{"name":"wp","href":"https:\/\/api.w.org\/{rel}","templated":true}]}}